{"id":5,"date":"2012-07-09T09:45:14","date_gmt":"2012-07-09T05:45:14","guid":{"rendered":"http:\/\/vassilieva.com\/?page_id=5"},"modified":"2024-03-17T22:43:23","modified_gmt":"2024-03-17T19:43:23","slug":"biographie","status":"publish","type":"page","link":"https:\/\/vassilieva.com\/?page_id=5","title":{"rendered":"Biographie"},"content":{"rendered":"<p><strong>1963<\/strong><br \/>\ngeboren in Moskau<\/p>\n<p><strong>1973-78 <\/strong><br \/>\nMoskauer \u201eKinderkunstschule Nr.3\u201c<\/p>\n<p><strong>1978-83 <\/strong><br \/>\nStudium mit Diplomabschluss in Malerei und B\u00fchnenbild an der \u201eStaatl. Moskauer Kunstakademie &#8211; Im Gedenken an 1905\u201c<\/p>\n<p><strong>1990<\/strong><br \/>\nMitglied der Jugendsektion des Sowjetischen K\u00fcnstlerverbandes<br \/>\nAtelieraufenthalt im Haus d. Moskauer K\u00fcnstlerunion in Tarussa<br \/>\nWorld and Culture -Europatour sowjetischer K\u00fcnstler Autoren Musiker<\/p>\n<p><strong>1991<\/strong><br \/>\nMalerei-Symposion in Tauturgen bei Alma Ata, Kasachstan<\/p>\n<p><strong>1995<\/strong><br \/>\nBeginn der Mitorganisation bei \u00f6sterr.-russ. Kunstaustauschprojekten<\/p>\n<p><strong>1999<\/strong><br \/>\nMitglied der K\u00fcnstlervereinigung MAERZ, Linz<br \/>\nHeirat mit Ewald Walser<br \/>\nKonzept und Organisation (gemeinsam mit E.Walser) von:<br \/>\nACT 99 &#8211; Art Communication Tour &#8211; Austria-Moscow<\/p>\n<p><strong>2003<\/strong><br \/>\nSymposion mit \u00f6sterreichischen K\u00fcnstlern in Alferjewo, Russland<\/p>\n<p><strong>2005<\/strong><br \/>\nAtelieraufenthalt im Thomas-Bernhard-Archiv, Gmunden, Ober\u00f6sterreich<\/p>\n<p><strong>2007<\/strong><br \/>\nGastatelier Maltator Gm\u00fcnd, K\u00e4rnten<\/p>\n<p><strong>2010<\/strong><br \/>\nK\u00fcnstlersymposion in Sch\u00f6nering Ober\u00f6sterreich<\/p>\n<p><strong>2011<\/strong><br \/>\nTeilnahme an der Kunstmesse Linz<\/p>\n<p><strong>2012<\/strong><br \/>\nAusstellungskonzeption ROSA mit Michael Lauss, Galerie MAERZ, Linz<\/p>\n<p><strong>2013<\/strong><br \/>\nMitglied des Moskauer K\u00fcnstlerverbandes<\/p>\n<p><strong>2015<\/strong><br \/>\nMitglied des Vorstandes der KV MAERZ bis 2021<br \/>\nBezug des gemeinsamen Ateliers in der Mozart-Strasse 56 in Linz<\/p>\n<p><strong>2017<\/strong><br \/>\nBrand des Ateliers mit nahezu totalem Verlust des Bilderlagers<\/p>\n<p>Lebt und arbeitet seit 1996 in Linz.<\/p>\n<p>Arbeiten in \u00f6ffentlichem und privatem Besitz.<\/p>\n","protected":false},"excerpt":{"rendered":"<p>1963 geboren in Moskau 1973-78 Moskauer \u201eKinderkunstschule Nr.3\u201c 1978-83 Studium mit Diplomabschluss in Malerei und B\u00fchnenbild an der \u201eStaatl. Moskauer Kunstakademie &#8211; Im Gedenken an 1905\u201c 1990 Mitglied der Jugendsektion des Sowjetischen K\u00fcnstlerverbandes Atelieraufenthalt im Haus d. Moskauer K\u00fcnstlerunion in Tarussa World and Culture -Europatour sowjetischer K\u00fcnstler Autoren Musiker 1991 Malerei-Symposion in Tauturgen bei Alma [&hellip;]<\/p>\n","protected":false},"author":1,"featured_media":0,"parent":0,"menu_order":0,"comment_status":"closed","ping_status":"open","template":"","meta":{"ngg_post_thumbnail":0},"_links":{"self":[{"href":"https:\/\/vassilieva.com\/index.php?rest_route=\/wp\/v2\/pages\/5"}],"collection":[{"href":"https:\/\/vassilieva.com\/index.php?rest_route=\/wp\/v2\/pages"}],"about":[{"href":"https:\/\/vassilieva.com\/index.php?rest_route=\/wp\/v2\/types\/page"}],"author":[{"embeddable":true,"href":"https:\/\/vassilieva.com\/index.php?rest_route=\/wp\/v2\/users\/1"}],"replies":[{"embeddable":true,"href":"https:\/\/vassilieva.com\/index.php?rest_route=%2Fwp%2Fv2%2Fcomments&post=5"}],"version-history":[{"count":5,"href":"https:\/\/vassilieva.com\/index.php?rest_route=\/wp\/v2\/pages\/5\/revisions"}],"predecessor-version":[{"id":392,"href":"https:\/\/vassilieva.com\/index.php?rest_route=\/wp\/v2\/pages\/5\/revisions\/392"}],"wp:attachment":[{"href":"https:\/\/vassilieva.com\/index.php?rest_route=%2Fwp%2Fv2%2Fmedia&parent=5"}],"curies":[{"name":"wp","href":"https:\/\/api.w.org\/{rel}","templated":true}]}}